{"id":9,"date":"2020-02-13T04:34:33","date_gmt":"2020-02-13T04:34:33","guid":{"rendered":"https:\/\/rosario.edu.pe\/rosapc\/?page_id=9"},"modified":"2023-12-13T00:40:37","modified_gmt":"2023-12-13T00:40:37","slug":"admision","status":"publish","type":"page","link":"https:\/\/rosario.edu.pe\/rosapc\/admision\/","title":{"rendered":"6. ADMISI\u00d3N 2024"},"content":{"rendered":"\t\t<div data-elementor-type=\"wp-page\" data-elementor-id=\"9\" class=\"elementor elementor-9\">\n\t\t\t\t\t\t\t\t\t<section class=\"elementor-section elementor-top-section elementor-element elementor-element-12e7795 elementor-section-boxed elementor-section-height-default elementor-section-height-default\" data-id=\"12e7795\" data-element_type=\"section\">\n\t\t\t\t\t\t<div class=\"elementor-container elementor-column-gap-default\">\n\t\t\t\t\t<div class=\"elementor-column elementor-col-100 elementor-top-column elementor-element elementor-element-4f844b1\" data-id=\"4f844b1\" data-element_type=\"column\">\n\t\t\t<div class=\"elementor-widget-wrap elementor-element-populated\">\n\t\t\t\t\t\t\t\t<div class=\"elementor-element elementor-element-ca251d5 elementor-widget elementor-widget-text-editor\" data-id=\"ca251d5\" data-element_type=\"widget\" data-widget_type=\"text-editor.default\">\n\t\t\t\t<div class=\"elementor-widget-container\">\n\t\t\t<style>\/*! elementor - v3.6.6 - 08-06-2022 *\/\n.elementor-widget-text-editor.elementor-drop-cap-view-stacked .elementor-drop-cap{background-color:#818a91;color:#fff}.elementor-widget-text-editor.elementor-drop-cap-view-framed .elementor-drop-cap{color:#818a91;border:3px solid;background-color:transparent}.elementor-widget-text-editor:not(.elementor-drop-cap-view-default) .elementor-drop-cap{margin-top:8px}.elementor-widget-text-editor:not(.elementor-drop-cap-view-default) .elementor-drop-cap-letter{width:1em;height:1em}.elementor-widget-text-editor .elementor-drop-cap{float:left;text-align:center;line-height:1;font-size:50px}.elementor-widget-text-editor .elementor-drop-cap-letter{display:inline-block}<\/style>\t\t\t\t<p class=\"MsoNormal\" style=\"text-align: center;\"><strong>PROCESO DE ADMISI\u00d3N 2024<\/strong><\/p>\n<p class=\"MsoNormal\" style=\"text-align: justify;\">Nuestra directora Hna. Lola Felicita Cuadros Salazar y la Comunidad Educativa del colegio \u201cNuestra Se\u00f1ora del Rosario\u201d venimos prepar\u00e1ndonos para recibir con esp\u00edritu franciscano y mucho entusiasmo a las ni\u00f1as y se\u00f1oritas que deseen integrarse a nuestra gran familia franciscana. En los pr\u00f3ximos meses se estar\u00e1 aperturando el proceso de admisi\u00f3n 2024, el cual est\u00e1 dise\u00f1ado con el prop\u00f3sito y la convicci\u00f3n de continuar brind\u00e1ndoles un servicio de calidad con la identidad que nos caracteriza y el \u00e1nimo de poder atender la demanda de servicio educativo a las familias que lo requieran.<\/p>\t\t\t\t\t\t<\/div>\n\t\t\t\t<\/div>\n\t\t\t\t\t<\/div>\n\t\t<\/div>\n\t\t\t\t\t\t\t<\/div>\n\t\t<\/section>\n\t\t\t\t<section class=\"elementor-section elementor-top-section elementor-element elementor-element-d2955eb elementor-section-boxed elementor-section-height-default elementor-section-height-default\" data-id=\"d2955eb\" data-element_type=\"section\">\n\t\t\t\t\t\t<div class=\"elementor-container elementor-column-gap-default\">\n\t\t\t\t\t<div class=\"elementor-column elementor-col-100 elementor-top-column elementor-element elementor-element-cf5aefa\" data-id=\"cf5aefa\" data-element_type=\"column\">\n\t\t\t<div class=\"elementor-widget-wrap elementor-element-populated\">\n\t\t\t\t\t\t\t\t<div class=\"elementor-element elementor-element-7ba9c9a elementor-widget elementor-widget-image\" data-id=\"7ba9c9a\" data-element_type=\"widget\" data-widget_type=\"image.default\">\n\t\t\t\t<div class=\"elementor-widget-container\">\n\t\t\t<style>\/*! elementor - v3.6.6 - 08-06-2022 *\/\n.elementor-widget-image{text-align:center}.elementor-widget-image a{display:inline-block}.elementor-widget-image a img[src$=\".svg\"]{width:48px}.elementor-widget-image img{vertical-align:middle;display:inline-block}<\/style>\t\t\t\t\t\t\t\t\t\t\t\t<img width=\"1156\" height=\"651\" src=\"https:\/\/rosario.edu.pe\/rosapc\/wp-content\/uploads\/2022\/06\/WhatsApp-Image-2022-06-19-at-8.56.29-PM-1.jpeg\" class=\"attachment-full size-full\" alt=\"\" loading=\"lazy\" srcset=\"https:\/\/rosario.edu.pe\/rosapc\/wp-content\/uploads\/2022\/06\/WhatsApp-Image-2022-06-19-at-8.56.29-PM-1.jpeg 1156w, https:\/\/rosario.edu.pe\/rosapc\/wp-content\/uploads\/2022\/06\/WhatsApp-Image-2022-06-19-at-8.56.29-PM-1-300x169.jpeg 300w, https:\/\/rosario.edu.pe\/rosapc\/wp-content\/uploads\/2022\/06\/WhatsApp-Image-2022-06-19-at-8.56.29-PM-1-1024x577.jpeg 1024w, https:\/\/rosario.edu.pe\/rosapc\/wp-content\/uploads\/2022\/06\/WhatsApp-Image-2022-06-19-at-8.56.29-PM-1-768x432.jpeg 768w\" sizes=\"(max-width: 1156px) 100vw, 1156px\" \/>\t\t\t\t\t\t\t\t\t\t\t\t\t\t\t<\/div>\n\t\t\t\t<\/div>\n\t\t\t\t\t<\/div>\n\t\t<\/div>\n\t\t\t\t\t\t\t<\/div>\n\t\t<\/section>\n\t\t\t\t\t\t\t<\/div>\n\t\t","protected":false},"excerpt":{"rendered":"<p>PROCESO DE ADMISI\u00d3N 2024 Nuestra directora Hna. Lola Felicita Cuadros Salazar y la Comunidad Educativa del colegio \u201cNuestra Se\u00f1ora del Rosario\u201d venimos prepar\u00e1ndonos para recibir con esp\u00edritu franciscano y mucho entusiasmo a las ni\u00f1as y se\u00f1oritas que deseen integrarse a [&hellip;]<\/p>\n","protected":false},"author":1,"featured_media":0,"parent":0,"menu_order":0,"comment_status":"closed","ping_status":"closed","template":"template-full-width.php","meta":[],"_links":{"self":[{"href":"https:\/\/rosario.edu.pe\/rosapc\/wp-json\/wp\/v2\/pages\/9"}],"collection":[{"href":"https:\/\/rosario.edu.pe\/rosapc\/wp-json\/wp\/v2\/pages"}],"about":[{"href":"https:\/\/rosario.edu.pe\/rosapc\/wp-json\/wp\/v2\/types\/page"}],"author":[{"embeddable":true,"href":"https:\/\/rosario.edu.pe\/rosapc\/wp-json\/wp\/v2\/users\/1"}],"replies":[{"embeddable":true,"href":"https:\/\/rosario.edu.pe\/rosapc\/wp-json\/wp\/v2\/comments?post=9"}],"version-history":[{"count":15,"href":"https:\/\/rosario.edu.pe\/rosapc\/wp-json\/wp\/v2\/pages\/9\/revisions"}],"predecessor-version":[{"id":769,"href":"https:\/\/rosario.edu.pe\/rosapc\/wp-json\/wp\/v2\/pages\/9\/revisions\/769"}],"wp:attachment":[{"href":"https:\/\/rosario.edu.pe\/rosapc\/wp-json\/wp\/v2\/media?parent=9"}],"curies":[{"name":"wp","href":"https:\/\/api.w.org\/{rel}","templated":true}]}}